{"id":43416,"date":"2023-04-19T10:35:35","date_gmt":"2023-04-19T10:35:35","guid":{"rendered":"https:\/\/mallorcadisseny.com\/calasanvicente\/politica-de-cookies\/"},"modified":"2024-05-10T10:43:53","modified_gmt":"2024-05-10T10:43:53","slug":"cookies-policy","status":"publish","type":"page","link":"https:\/\/www.calasanvicente.es\/en\/cookies-policy\/","title":{"rendered":"Cookies policy"},"content":{"rendered":"\t\t<div data-elementor-type=\"wp-page\" data-elementor-id=\"43416\" class=\"elementor elementor-43416 elementor-36965\">\n\t\t\t\t\t\t<section class=\"elementor-section elementor-top-section elementor-element elementor-element-da5d301 elementor-section-boxed elementor-section-height-default elementor-section-height-default\" data-id=\"da5d301\" data-element_type=\"section\">\n\t\t\t\t\t\t<div class=\"elementor-container elementor-column-gap-default\">\n\t\t\t\t\t<div class=\"elementor-column elementor-col-100 elementor-top-column elementor-element elementor-element-3ef58d9\" data-id=\"3ef58d9\" data-element_type=\"column\">\n\t\t\t<div class=\"elementor-widget-wrap elementor-element-populated\">\n\t\t\t\t\t\t<div class=\"elementor-element elementor-element-59f9b97 elementor-widget elementor-widget-heading\" data-id=\"59f9b97\" data-element_type=\"widget\" data-widget_type=\"heading.default\">\n\t\t\t\t<div class=\"elementor-widget-container\">\n\t\t\t<style>\/*! elementor - v3.22.0 - 24-06-2024 *\/\n.elementor-heading-title{padding:0;margin:0;line-height:1}.elementor-widget-heading .elementor-heading-title[class*=elementor-size-]>a{color:inherit;font-size:inherit;line-height:inherit}.elementor-widget-heading .elementor-heading-title.elementor-size-small{font-size:15px}.elementor-widget-heading .elementor-heading-title.elementor-size-medium{font-size:19px}.elementor-widget-heading .elementor-heading-title.elementor-size-large{font-size:29px}.elementor-widget-heading .elementor-heading-title.elementor-size-xl{font-size:39px}.elementor-widget-heading .elementor-heading-title.elementor-size-xxl{font-size:59px}<\/style><h1 class=\"elementor-heading-title elementor-size-default\">Cookies policy<\/h1>\t\t<\/div>\n\t\t\t\t<\/div>\n\t\t\t\t<div class=\"elementor-element elementor-element-b66ef9a elementor-widget elementor-widget-text-editor\" data-id=\"b66ef9a\" data-element_type=\"widget\" data-widget_type=\"text-editor.default\">\n\t\t\t\t<div class=\"elementor-widget-container\">\n\t\t\t<style>\/*! elementor - v3.22.0 - 24-06-2024 *\/\n.elementor-widget-text-editor.elementor-drop-cap-view-stacked .elementor-drop-cap{background-color:#69727d;color:#fff}.elementor-widget-text-editor.elementor-drop-cap-view-framed .elementor-drop-cap{color:#69727d;border:3px solid;background-color:transparent}.elementor-widget-text-editor:not(.elementor-drop-cap-view-default) .elementor-drop-cap{margin-top:8px}.elementor-widget-text-editor:not(.elementor-drop-cap-view-default) .elementor-drop-cap-letter{width:1em;height:1em}.elementor-widget-text-editor .elementor-drop-cap{float:left;text-align:center;line-height:1;font-size:50px}.elementor-widget-text-editor .elementor-drop-cap-letter{display:inline-block}<\/style>\t\t\t\t<p>Una Cookie es un fichero que se descarga en su ordenador al acceder a determinadas p\u00e1ginas web. Las cookies permiten a una p\u00e1gina web, entre otras cosas, almacenar y recuperar informaci\u00f3n sobre los h\u00e1bitos de navegaci\u00f3n de un usuario o de su equipo y, dependiendo de la informaci\u00f3n que contenga y de la forma en que utilice su equipo, pueden utilizarse para reconocer al usuario.<br \/><br \/><\/p><p>Las cookies son esenciales para el funcionamiento de internet, aportando innumerables ventajas en la prestaci\u00f3n de servicios interactivos, facilit\u00e1ndole la navegaci\u00f3n y usabilidad de nuestra web.<br \/>La informaci\u00f3n que le proporcionamos a continuaci\u00f3n, le ayudar\u00e1 a comprender los diferentes tipos de cookies:<\/p><p><strong>\u00bfQu\u00e9 tipo de cookies utiliza esta p\u00e1gina web?<\/strong><\/p><p>Cookies t\u00e9cnicas: Son aquellas creadas y gestionadas \u00fanicamente por nosotros, y permiten al usuario la navegaci\u00f3n a trav\u00e9s de nuestra p\u00e1gina web y la utilizaci\u00f3n de las diferentes opciones o servicios de clictoclic.com como, por ejemplo, identificar la sesi\u00f3n, filtrar o personalizar informaci\u00f3n, acceder a partes de acceso restringido o compartir contenidos a trav\u00e9s de redes sociales.<\/p><p>Cookies de an\u00e1lisis: Son aquellas que bien tratadas por nosotros o por terceros, nos permiten cuantificar el n\u00famero de usuarios y as\u00ed realizar la medici\u00f3n y an\u00e1lisis estad\u00edstico de la utilizaci\u00f3n de nuestra web. Para conseguirlo se analiza tu navegaci\u00f3n en clictoclic.com con el fin de mejorar nuestras funcionalidades.<\/p><p><strong>Google Analytics:<\/strong><\/p><p>Almacena cookies para poder elaborar estad\u00edsticas sobre el tr\u00e1fico y volumen de visitas de esta web. Al utilizar este sitio web est\u00e1 consintiendo el tratamiento de informaci\u00f3n acerca de usted por Google. Por tanto, el ejercicio de cualquier derecho en este sentido deber\u00e1 hacerlo comunicando directamente con Google.<br \/>Las cookies de Google Analytics, se almacenan en servidores ubicados en Estados Unidos y se compromete a no compartirla con terceros, excepto en los casos en los que sea necesario para el funcionamiento del sistema o cuando la ley obligue a tal efecto. Seg\u00fan Google no guarda su direcci\u00f3n IP. Google Inc. es una compa\u00f1\u00eda adherida al Acuerdo de Puerto Seguro que garantiza que todos los datos transferidos ser\u00e1n tratados con un nivel de protecci\u00f3n acorde a la normativa europea. Puede consultar informaci\u00f3n detallada a este respecto a trav\u00e9s del siguiente enlace: https:\/\/support.google.com\/analytics\/answer\/6004245.<br \/>Si lo desea puede utilizar el Complemento de inhabilitaci\u00f3n para navegadores de Google Analytics a trav\u00e9s de cuyas instrucciones pueden rechazarse las cookies anal\u00edticas de dicho servicio en todos los navegadores. Para m\u00e1s informaci\u00f3n https:\/\/tools.google.com\/dlpage\/gaoptout<br \/>Asimismo, clictoclic.com informa al usuario de que tiene la posibilidad de configurar su navegador de modo que se le informe de la recepci\u00f3n de cookies, pudiendo, si as\u00ed lo desea, impedir que sean instaladas en su disco duro.<br \/>A continuaci\u00f3n le proporcionamos los enlaces de diversos navegadores, a trav\u00e9s de los cuales podr\u00e1 realizar dicha configuraci\u00f3n:<\/p><p>Firefox desde aqu\u00ed: http:\/\/support.mozilla.org\/es\/kb\/habilitar-y-deshabilitar-cookies-que-los-sitios-we<br \/>Chrome desde aqu\u00ed: http:\/\/support.google.com\/chrome\/bin\/answer.py?hl=es&amp;answer=95647<br \/>Explorer desde aqu\u00ed: http:\/\/windows.microsoft.com\/es-es\/internet-explorer\/delete-manage-cookies#ie=ie-10<br \/>Safari desde aqu\u00ed: https:\/\/support.apple.com\/kb\/ph17191?locale=es_ES<br \/>Opera desde aqu\u00ed: http:\/\/help.opera.com\/Windows\/11.50\/es-ES\/cookies.html<\/p>\t\t\t\t\t\t<\/div>\n\t\t\t\t<\/div>\n\t\t\t\t\t<\/div>\n\t\t<\/div>\n\t\t\t\t\t<\/div>\n\t\t<\/section>\n\t\t\t\t<section class=\"elementor-section elementor-top-section elementor-element elementor-element-04f2987 elementor-section-boxed elementor-section-height-default elementor-section-height-default\" data-id=\"04f2987\" data-element_type=\"section\">\n\t\t\t\t\t\t<div class=\"elementor-container elementor-column-gap-default\">\n\t\t\t\t\t<div class=\"elementor-column elementor-col-100 elementor-top-column elementor-element elementor-element-3606224\" data-id=\"3606224\" data-element_type=\"column\">\n\t\t\t<div class=\"elementor-widget-wrap\">\n\t\t\t\t\t\t\t<\/div>\n\t\t<\/div>\n\t\t\t\t\t<\/div>\n\t\t<\/section>\n\t\t\t\t<\/div>\n\t\t","protected":false},"excerpt":{"rendered":"<p>Cookies policy Una Cookie es un fichero que se descarga en su ordenador al acceder a determinadas p\u00e1ginas web. Las cookies permiten a una p\u00e1gina web, entre otras cosas, almacenar y recuperar informaci\u00f3n sobre los h\u00e1bitos de navegaci\u00f3n de un usuario o de su equipo y, dependiendo de la informaci\u00f3n que contenga y de la &#8230;<\/p>\n","protected":false},"author":1,"featured_media":0,"parent":0,"menu_order":0,"comment_status":"closed","ping_status":"closed","template":"elementor_header_footer","meta":{"_monsterinsights_skip_tracking":false,"_monsterinsights_sitenote_active":false,"_monsterinsights_sitenote_note":"","_monsterinsights_sitenote_category":0,"footnotes":""},"class_list":["post-43416","page","type-page","status-publish","hentry"],"aioseo_notices":[],"_links":{"self":[{"href":"https:\/\/www.calasanvicente.es\/en\/wp-json\/wp\/v2\/pages\/43416","targetHints":{"allow":["GET"]}}],"collection":[{"href":"https:\/\/www.calasanvicente.es\/en\/wp-json\/wp\/v2\/pages"}],"about":[{"href":"https:\/\/www.calasanvicente.es\/en\/wp-json\/wp\/v2\/types\/page"}],"author":[{"embeddable":true,"href":"https:\/\/www.calasanvicente.es\/en\/wp-json\/wp\/v2\/users\/1"}],"replies":[{"embeddable":true,"href":"https:\/\/www.calasanvicente.es\/en\/wp-json\/wp\/v2\/comments?post=43416"}],"version-history":[{"count":0,"href":"https:\/\/www.calasanvicente.es\/en\/wp-json\/wp\/v2\/pages\/43416\/revisions"}],"wp:attachment":[{"href":"https:\/\/www.calasanvicente.es\/en\/wp-json\/wp\/v2\/media?parent=43416"}],"curies":[{"name":"wp","href":"https:\/\/api.w.org\/{rel}","templated":true}]}}